{"id":19,"date":"2025-05-26T16:31:37","date_gmt":"2025-05-26T22:31:37","guid":{"rendered":"https:\/\/thor.com.gt\/?page_id=19"},"modified":"2025-05-26T16:31:39","modified_gmt":"2025-05-26T22:31:39","slug":"quienes-somos","status":"publish","type":"page","link":"https:\/\/thor.com.gt\/?page_id=19","title":{"rendered":"QUIENES SOMOS"},"content":{"rendered":"<p>Bienvenido a <strong>THOR<\/strong>, tu aliado confiable en la adquisici\u00f3n legal y segura de armas de fuego, munici\u00f3n y accesorios. Nos especializamos en brindar productos de alta calidad con respaldo profesional y acompa\u00f1amiento en el proceso ante DIGECAM.<\/p><p><\/p>","protected":false},"excerpt":{"rendered":"<p>Bienvenido a THOR, tu aliado confiable en la adquisici\u00f3n legal y segura de armas de fuego, munici\u00f3n y accesorios. Nos especializamos en brindar productos de alta calidad con respaldo profesional y acompa\u00f1amiento en el proceso ante DIGECAM.<\/p>\n","protected":false},"author":1,"featured_media":0,"parent":0,"menu_order":0,"comment_status":"closed","ping_status":"closed","template":"","meta":{"_kadence_starter_templates_imported_post":false,"_kad_post_transparent":"","_kad_post_title":"","_kad_post_layout":"","_kad_post_sidebar_id":"","_kad_post_content_style":"","_kad_post_vertical_padding":"","_kad_post_feature":"","_kad_post_feature_position":"","_kad_post_header":false,"_kad_post_footer":false,"footnotes":""},"class_list":["post-19","page","type-page","status-publish","hentry"],"_links":{"self":[{"href":"https:\/\/thor.com.gt\/index.php?rest_route=\/wp\/v2\/pages\/19","targetHints":{"allow":["GET"]}}],"collection":[{"href":"https:\/\/thor.com.gt\/index.php?rest_route=\/wp\/v2\/pages"}],"about":[{"href":"https:\/\/thor.com.gt\/index.php?rest_route=\/wp\/v2\/types\/page"}],"author":[{"embeddable":true,"href":"https:\/\/thor.com.gt\/index.php?rest_route=\/wp\/v2\/users\/1"}],"replies":[{"embeddable":true,"href":"https:\/\/thor.com.gt\/index.php?rest_route=%2Fwp%2Fv2%2Fcomments&post=19"}],"version-history":[{"count":1,"href":"https:\/\/thor.com.gt\/index.php?rest_route=\/wp\/v2\/pages\/19\/revisions"}],"predecessor-version":[{"id":20,"href":"https:\/\/thor.com.gt\/index.php?rest_route=\/wp\/v2\/pages\/19\/revisions\/20"}],"wp:attachment":[{"href":"https:\/\/thor.com.gt\/index.php?rest_route=%2Fwp%2Fv2%2Fmedia&parent=19"}],"curies":[{"name":"wp","href":"https:\/\/api.w.org\/{rel}","templated":true}]}}